{"id":17,"date":"2015-01-30T18:20:47","date_gmt":"2015-01-30T18:20:47","guid":{"rendered":"http:\/\/www.creations.d-f.cc\/?page_id=17"},"modified":"2021-12-14T22:04:04","modified_gmt":"2021-12-14T22:04:04","slug":"about","status":"publish","type":"page","link":"https:\/\/www.creations.d-f.cc\/de\/about\/","title":{"rendered":"About"},"content":{"rendered":"<p>[vc_row][vc_column][vc_column_text]<\/p>\n<h2 style=\"text-align: center;\">\u00dcber _df<\/h2>\n<p>[\/vc_column_text]<div class=\"gap\" style=\"line-height: 25px; height: 25px;\"><\/div><div class=\"hr-thin style-line\" style=\"width: 50%;\"><\/div>[\/vc_column][\/vc_row][vc_row][vc_column width=&#8220;1\/6&#8243;][\/vc_column][vc_column width=&#8220;2\/3&#8243;]<div class=\"gap\" style=\"line-height: 50px; height: 50px;\"><\/div>[vc_column_text]_df ist ein interdisziplin\u00e4res Designstudio, t\u00e4tig im Bereich Objektdesign und Raumgestaltung. Aus anspruchsvollen Ausgangslagen schaffen wir \u00fcberzeugende L\u00f6sungen mit Bezug zu unseren Kunden. Durch kreative, stilsichere Formsprache und harmonische, umfassende Konzepte zeichnen wir uns aus.[\/vc_column_text][\/vc_column][vc_column width=&#8220;1\/6&#8243;][\/vc_column][\/vc_row][vc_row][vc_column]<div class=\"gap\" style=\"line-height: 50px; height: 50px;\"><\/div><div class=\"hr-thin style-line\" style=\"width: 50%;\"><\/div><div class=\"gap\" style=\"line-height: 50px; height: 50px;\"><\/div>[\/vc_column][\/vc_row][vc_row][vc_column][vc_column_text]<\/p>\n<h2 style=\"text-align: center;\">Crew<\/h2>\n<p>[\/vc_column_text][\/vc_column][\/vc_row][vc_row][vc_column width=&#8220;1\/6&#8243;][\/vc_column][vc_column width=&#8220;2\/3&#8243;]<div class=\"gap\" style=\"line-height: 50px; height: 50px;\"><\/div><div class=\"wf-container loading-effect-fade-in description-under-image iso-grid\" data-padding=\"25px\" data-cur-page=\"1\" data-width=\"25px\" data-columns=\"2\"><div class=\"wf-cell\" data-date=\"2015-01-31T05:10:46+00:00\" data-name=\"Sven Bosshard&lt;br&gt;&lt;small&gt;sb@d-f.cc&lt;\/small&gt;\" data-post-id=\"3278\">\n\t<div class=\"team-container post-3278 dt_team type-dt_team status-publish has-post-thumbnail hentry dt_team_category-chiefs description-off\">\n\n\t\t<div class=\"team-media\"><span><img class=\"preload-me\" srcset=\"https:\/\/www.creations.d-f.cc\/wp-content\/uploads\/sven-38x38.jpg 1x, https:\/\/www.creations.d-f.cc\/wp-content\/uploads\/sven-76x76.jpg 2x\" width=\"38\" height=\"38\"  title=\"Sven\" alt=\"\" \/><\/span><\/div>\n\t\t<div class=\"team-desc\">\n\n\t\t\t<div class=\"team-author\"><div class=\"team-author-name\">Sven Bosshard<br><small>sb@d-f.cc<\/small><\/div><p>imaginations<\/p><\/div><div class=\"team-content\"><p>Verantwortlich f\u00fcr Design und Gestaltung vom Konzept, \u00fcber Entwicklung bis zur Umsetzung.<\/p>\n<\/div><div class=\"soc-ico\"><a title=\"E-mail\" target=\"_top\" href=\"mailto:sb@d-f.cc\" class=\"mail\"><span class=\"assistive-text\">E-mail<\/span><\/a><\/div>\n\t\t<\/div>\n\t<\/div>\n\n<\/div><div class=\"wf-cell\" data-date=\"2015-01-31T05:16:16+00:00\" data-name=\"Bruno Zaugg&lt;br&gt;&lt;small&gt;bz@d-f.cc&lt;\/small&gt;\" data-post-id=\"3280\">\n\t<div class=\"team-container post-3280 dt_team type-dt_team status-publish has-post-thumbnail hentry dt_team_category-chiefs description-off\">\n\n\t\t<div class=\"team-media\"><span><img class=\"preload-me\" srcset=\"https:\/\/www.creations.d-f.cc\/wp-content\/uploads\/bruno-38x38.jpg 1x, https:\/\/www.creations.d-f.cc\/wp-content\/uploads\/bruno-76x76.jpg 2x\" width=\"38\" height=\"38\"  title=\"Bruno\" alt=\"\" \/><\/span><\/div>\n\t\t<div class=\"team-desc\">\n\n\t\t\t<div class=\"team-author\"><div class=\"team-author-name\">Bruno Zaugg<br><small>bz@d-f.cc<\/small><\/div><p>operations<\/p><\/div><div class=\"team-content\"><p>Verantwortlich f\u00fcr Kunden- und Partnerbeziehungen, Projektmanagement und Administration.<\/p>\n<\/div><div class=\"soc-ico\"><a title=\"E-mail\" target=\"_top\" href=\"mailto:bz@d-f.cc\" class=\"mail\"><span class=\"assistive-text\">E-mail<\/span><\/a><\/div>\n\t\t<\/div>\n\t<\/div>\n\n<\/div><\/div><div class=\"gap\" style=\"line-height: 50px; height: 50px;\"><\/div><div class=\"hr-thin style-line\" style=\"width: 50%;\"><\/div><div class=\"gap\" style=\"line-height: 50px; height: 50px;\"><\/div><blockquote class=\"h4-size shortcode-blockquote\"><p>\u00abWir bewegen uns am Rande der M\u00f6glichkeiten und bieten kreative L\u00f6sungen jenseits bekannter Standards.\u00bb<\/p>\n<\/blockquote><div class=\"gap\" style=\"line-height: 100px; height: 100px;\"><\/div>[\/vc_column][vc_column width=&#8220;1\/6&#8243;][\/vc_column][\/vc_row]<\/p>","protected":false},"excerpt":{"rendered":"<p>[vc_row][vc_column][vc_column_text] \u00dcber _df [\/vc_column_text][\/vc_column][\/vc_row][vc_row][vc_column width=&#8220;1\/6&#8243;][\/vc_column][vc_column width=&#8220;2\/3&#8243;][vc_column_text]_df ist ein interdisziplin\u00e4res Designstudio, t\u00e4tig im Bereich Objektdesign und Raumgestaltung. Aus anspruchsvollen Ausgangslagen schaffen wir \u00fcberzeugende L\u00f6sungen mit Bezug zu unseren Kunden. Durch kreative, stilsichere Formsprache und harmonische, umfassende Konzepte zeichnen wir uns aus.[\/vc_column_text][\/vc_column][vc_column width=&#8220;1\/6&#8243;][\/vc_column][\/vc_row][vc_row][vc_column][\/vc_column][\/vc_row][vc_row][vc_column][vc_column_text] Crew [\/vc_column_text][\/vc_column][\/vc_row][vc_row][vc_column width=&#8220;1\/6&#8243;][\/vc_column][vc_column width=&#8220;2\/3&#8243;][\/vc_column][vc_column width=&#8220;1\/6&#8243;][\/vc_column][\/vc_row]<\/p>\n","protected":false},"author":1,"featured_media":0,"parent":0,"menu_order":0,"comment_status":"closed","ping_status":"closed","template":"","meta":{"footnotes":""},"class_list":["post-17","page","type-page","status-publish","hentry","description-off"],"_links":{"self":[{"href":"https:\/\/www.creations.d-f.cc\/de\/wp-json\/wp\/v2\/pages\/17","targetHints":{"allow":["GET"]}}],"collection":[{"href":"https:\/\/www.creations.d-f.cc\/de\/wp-json\/wp\/v2\/pages"}],"about":[{"href":"https:\/\/www.creations.d-f.cc\/de\/wp-json\/wp\/v2\/types\/page"}],"author":[{"embeddable":true,"href":"https:\/\/www.creations.d-f.cc\/de\/wp-json\/wp\/v2\/users\/1"}],"replies":[{"embeddable":true,"href":"https:\/\/www.creations.d-f.cc\/de\/wp-json\/wp\/v2\/comments?post=17"}],"version-history":[{"count":109,"href":"https:\/\/www.creations.d-f.cc\/de\/wp-json\/wp\/v2\/pages\/17\/revisions"}],"predecessor-version":[{"id":5187,"href":"https:\/\/www.creations.d-f.cc\/de\/wp-json\/wp\/v2\/pages\/17\/revisions\/5187"}],"wp:attachment":[{"href":"https:\/\/www.creations.d-f.cc\/de\/wp-json\/wp\/v2\/media?parent=17"}],"curies":[{"name":"wp","href":"https:\/\/api.w.org\/{rel}","templated":true}]}}