{"id":3762,"date":"2013-12-11T16:26:04","date_gmt":"2013-12-11T16:26:04","guid":{"rendered":"http:\/\/www.creations.d-f.cc\/?post_type=product&#038;p=3762"},"modified":"2021-12-14T20:35:53","modified_gmt":"2021-12-14T20:35:53","slug":"capsule","status":"publish","type":"product","link":"https:\/\/www.creations.d-f.cc\/de\/product\/capsule\/","title":{"rendered":"Subwoofer\/Couchtisch\u00a0\u00abcapsule\u00bb"},"content":{"rendered":"<p><\/p>\n<h3>Subwoofer\/Couchtisch\u00a0\u00abcapsule\u00bb<\/h3>\n<p>Ein skulpturaler Couchtisch mit integriertem Subwoofer und Highspeed-WLAN-Accesspoint &#8211; auf Wunsch inkl. Shareserver, auf welchem Multimedia-Daten wie Filme und Musik f\u00fcr das Entertainment-System zentral verwaltet werden. Hergestellt aus hochwertigem Acryl hochgl\u00e4nzend, Zwischenst\u00fcck aus satiniertem Acryl, Farbe nach Wahl. Konstruktion auf Gehrung in den Massen B 400 x H 400 x T 650mm.<\/p>\n<div class=\"gap\" style=\"line-height: 50px; height: 50px;\"><\/div>\n<p><img loading=\"lazy\" decoding=\"async\" class=\"alignnone size-full wp-image-3772\" src=\"http:\/\/www.creations.d-f.cc\/wp-content\/uploads\/df-beyond.jpg\" alt=\"\u00abbeyond\u00bb is our registered product label and stands for purity and innovation.\" width=\"250\" height=\"41\" \/><\/p>\n<div class=\"gap\" style=\"line-height: 400px; height: 400px;\"><\/div><br \/>\n<\/p>","protected":false},"excerpt":{"rendered":"<p>Subwoofer\/Couchtisch\u00a0\u00abcapsule\u00bb Ein skulpturaler Couchtisch mit integriertem Subwoofer und Highspeed-WLAN-Accesspoint &#8211; auf Wunsch inkl. Shareserver, auf welchem Multimedia-Daten wie Filme und Musik f\u00fcr das Entertainment-System zentral verwaltet werden. Hergestellt aus hochwertigem Acryl hochgl\u00e4nzend, Zwischenst\u00fcck aus satiniertem Acryl, Farbe nach Wahl. Konstruktion auf Gehrung in den Massen B 400 x H 400 x T 650mm.<\/p>\n","protected":false},"featured_media":3770,"template":"","meta":[],"product_brand":[],"product_cat":[1383],"product_tag":[],"class_list":{"0":"post-3762","1":"product","2":"type-product","3":"status-publish","4":"has-post-thumbnail","6":"product_cat-uncategorized","7":"description-off","9":"first","10":"instock","11":"taxable","12":"shipping-taxable","13":"product-type-simple"},"_links":{"self":[{"href":"https:\/\/www.creations.d-f.cc\/de\/wp-json\/wp\/v2\/product\/3762","targetHints":{"allow":["GET"]}}],"collection":[{"href":"https:\/\/www.creations.d-f.cc\/de\/wp-json\/wp\/v2\/product"}],"about":[{"href":"https:\/\/www.creations.d-f.cc\/de\/wp-json\/wp\/v2\/types\/product"}],"wp:featuredmedia":[{"embeddable":true,"href":"https:\/\/www.creations.d-f.cc\/de\/wp-json\/wp\/v2\/media\/3770"}],"wp:attachment":[{"href":"https:\/\/www.creations.d-f.cc\/de\/wp-json\/wp\/v2\/media?parent=3762"}],"wp:term":[{"taxonomy":"product_brand","embeddable":true,"href":"https:\/\/www.creations.d-f.cc\/de\/wp-json\/wp\/v2\/product_brand?post=3762"},{"taxonomy":"product_cat","embeddable":true,"href":"https:\/\/www.creations.d-f.cc\/de\/wp-json\/wp\/v2\/product_cat?post=3762"},{"taxonomy":"product_tag","embeddable":true,"href":"https:\/\/www.creations.d-f.cc\/de\/wp-json\/wp\/v2\/product_tag?post=3762"}],"curies":[{"name":"wp","href":"https:\/\/api.w.org\/{rel}","templated":true}]}}