{"id":3806,"date":"2013-02-12T15:33:43","date_gmt":"2013-02-12T15:33:43","guid":{"rendered":"http:\/\/www.creations.d-f.cc\/product\/birdge\/"},"modified":"2021-12-14T20:42:18","modified_gmt":"2021-12-14T20:42:18","slug":"birdge","status":"publish","type":"product","link":"https:\/\/www.creations.d-f.cc\/de\/product\/birdge\/","title":{"rendered":"Tisch\u00a0\u00abbridge\u00bb"},"content":{"rendered":"<p><\/p>\n<h3>Tisch\u00a0\u00abbridge\u00bb<\/h3>\n<p>Der vision\u00e4re \u00abbridge\u00bb Tisch ist ein Augenmerk in jedem Wohn- oder Sitzungszimmer. Die tragende Konstruktion verl\u00e4uft zur Mitte schmaler und bietet dadurch gen\u00fcgend Raum f\u00fcr Knie und Beine. Das an eine Br\u00fccke angelehnte Design symbolisiert die Idee der Verbindung zwischen Gastgeber und Besucher.<\/p>\n<p>Vorabkl\u00e4rungen zu Machbarkeit, Materialien und Konstruktion wurden vorgenommen und werden interessierten Manufakturen, Vertriebspartnern und Endkunden gerne n\u00e4her erl\u00e4utert.<\/p>\n<div class=\"gap\" style=\"line-height: 50px; height: 50px;\"><\/div>\n<p><img loading=\"lazy\" decoding=\"async\" class=\"alignnone size-full wp-image-3772\" src=\"http:\/\/www.creations.d-f.cc\/wp-content\/uploads\/df-beyond.jpg\" alt=\"\u00abbeyond\u00bb is our registered product label and stands for purity and innovation.\" width=\"250\" height=\"41\" \/><\/p>\n<div class=\"gap\" style=\"line-height: 400px; height: 400px;\"><\/div><br \/>\n<\/p>","protected":false},"excerpt":{"rendered":"<p>Tisch\u00a0\u00abbridge\u00bb Der vision\u00e4re \u00abbridge\u00bb Tisch ist ein Augenmerk in jedem Wohn- oder Sitzungszimmer. Die tragende Konstruktion verl\u00e4uft zur Mitte schmaler und bietet dadurch gen\u00fcgend Raum f\u00fcr Knie und Beine. Das an eine Br\u00fccke angelehnte Design symbolisiert die Idee der Verbindung zwischen Gastgeber und Besucher. Vorabkl\u00e4rungen zu Machbarkeit, Materialien und Konstruktion wurden vorgenommen und werden interessierten&hellip;<\/p>\n","protected":false},"featured_media":4458,"template":"","meta":[],"product_brand":[],"product_cat":[1383],"product_tag":[],"class_list":{"0":"post-3806","1":"product","2":"type-product","3":"status-publish","4":"has-post-thumbnail","6":"product_cat-uncategorized","7":"description-off","9":"first","10":"instock","11":"taxable","12":"shipping-taxable","13":"product-type-simple"},"_links":{"self":[{"href":"https:\/\/www.creations.d-f.cc\/de\/wp-json\/wp\/v2\/product\/3806","targetHints":{"allow":["GET"]}}],"collection":[{"href":"https:\/\/www.creations.d-f.cc\/de\/wp-json\/wp\/v2\/product"}],"about":[{"href":"https:\/\/www.creations.d-f.cc\/de\/wp-json\/wp\/v2\/types\/product"}],"wp:featuredmedia":[{"embeddable":true,"href":"https:\/\/www.creations.d-f.cc\/de\/wp-json\/wp\/v2\/media\/4458"}],"wp:attachment":[{"href":"https:\/\/www.creations.d-f.cc\/de\/wp-json\/wp\/v2\/media?parent=3806"}],"wp:term":[{"taxonomy":"product_brand","embeddable":true,"href":"https:\/\/www.creations.d-f.cc\/de\/wp-json\/wp\/v2\/product_brand?post=3806"},{"taxonomy":"product_cat","embeddable":true,"href":"https:\/\/www.creations.d-f.cc\/de\/wp-json\/wp\/v2\/product_cat?post=3806"},{"taxonomy":"product_tag","embeddable":true,"href":"https:\/\/www.creations.d-f.cc\/de\/wp-json\/wp\/v2\/product_tag?post=3806"}],"curies":[{"name":"wp","href":"https:\/\/api.w.org\/{rel}","templated":true}]}}