{"id":3811,"date":"2015-03-01T15:36:26","date_gmt":"2015-03-01T15:36:26","guid":{"rendered":"http:\/\/www.creations.d-f.cc\/product\/lucide2\/"},"modified":"2021-12-14T20:10:13","modified_gmt":"2021-12-14T20:10:13","slug":"lucide","status":"publish","type":"product","link":"https:\/\/www.creations.d-f.cc\/de\/product\/lucide\/","title":{"rendered":"Pendelleuchte \u00ablucide\u00bb"},"content":{"rendered":"<p><\/p>\n<h3>Pendelleuchte\u00a0\u00ablucide\u00bb<\/h3>\n<p>Die schlanke Pendelleuchte \u00ablucide\u00bb ist aus hochwertigem, tiefmatt weiss pulverbeschichtetem Chromstahl gefertigt und in den zwei L\u00e4ngen 250 und 500mm erh\u00e4ltlich. Durch das schlichte, rohrf\u00f6rmige Design lassen sich mehrere Exemplare individuell kombinieren. Die Hochleistungs-LED-Platine ist verdeckt eingebaut. Das warme Licht wird durch einen satinierten, b\u00fcndig eingelassenen Acrylzylinder transportiert und ist stufenlos dimmbar. Das weisse Textilkabel kann direkt an 220V Leitungen \u00fcber eine massgefertigte Deckenschiene aus weiss mattem und satiniertem Acrylglas angeschlossen werden (passend zur Materialisierung der Lampe); somit ist bei der Installation kein Transformationsger\u00e4t n\u00f6tig. Alle \u00ablucide\u00bb Modelle werden in sorgf\u00e4ltiger Handarbeit in unserem At\u00e9lier in Z\u00fcrich assembliert.<\/p>\n<div class=\"gap\" style=\"line-height: 50px; height: 50px;\"><\/div>\n<p><img loading=\"lazy\" decoding=\"async\" class=\"alignnone size-full wp-image-3772\" src=\"http:\/\/www.creations.d-f.cc\/wp-content\/uploads\/df-beyond.jpg\" alt=\"\u00abbeyond\u00bb is our registered product label and stands for purity and innovation.\" width=\"250\" height=\"41\" \/><\/p>\n<div class=\"gap\" style=\"line-height: 400px; height: 400px;\"><\/div><\/p>","protected":false},"excerpt":{"rendered":"<p>Pendelleuchte\u00a0\u00ablucide\u00bb Die schlanke Pendelleuchte \u00ablucide\u00bb ist aus hochwertigem, tiefmatt weiss pulverbeschichtetem Chromstahl gefertigt und in den zwei L\u00e4ngen 250 und 500mm erh\u00e4ltlich. Durch das schlichte, rohrf\u00f6rmige Design lassen sich mehrere Exemplare individuell kombinieren. Die Hochleistungs-LED-Platine ist verdeckt eingebaut. Das warme Licht wird durch einen satinierten, b\u00fcndig eingelassenen Acrylzylinder transportiert und ist stufenlos dimmbar. Das weisse&hellip;<\/p>\n","protected":false},"featured_media":4479,"template":"","meta":[],"product_brand":[],"product_cat":[1383],"product_tag":[],"class_list":{"0":"post-3811","1":"product","2":"type-product","3":"status-publish","4":"has-post-thumbnail","6":"product_cat-uncategorized","7":"description-off","9":"first","10":"instock","11":"shipping-taxable","12":"purchasable","13":"product-type-variable"},"_links":{"self":[{"href":"https:\/\/www.creations.d-f.cc\/de\/wp-json\/wp\/v2\/product\/3811","targetHints":{"allow":["GET"]}}],"collection":[{"href":"https:\/\/www.creations.d-f.cc\/de\/wp-json\/wp\/v2\/product"}],"about":[{"href":"https:\/\/www.creations.d-f.cc\/de\/wp-json\/wp\/v2\/types\/product"}],"wp:featuredmedia":[{"embeddable":true,"href":"https:\/\/www.creations.d-f.cc\/de\/wp-json\/wp\/v2\/media\/4479"}],"wp:attachment":[{"href":"https:\/\/www.creations.d-f.cc\/de\/wp-json\/wp\/v2\/media?parent=3811"}],"wp:term":[{"taxonomy":"product_brand","embeddable":true,"href":"https:\/\/www.creations.d-f.cc\/de\/wp-json\/wp\/v2\/product_brand?post=3811"},{"taxonomy":"product_cat","embeddable":true,"href":"https:\/\/www.creations.d-f.cc\/de\/wp-json\/wp\/v2\/product_cat?post=3811"},{"taxonomy":"product_tag","embeddable":true,"href":"https:\/\/www.creations.d-f.cc\/de\/wp-json\/wp\/v2\/product_tag?post=3811"}],"curies":[{"name":"wp","href":"https:\/\/api.w.org\/{rel}","templated":true}]}}