{"id":4140,"date":"2014-02-02T14:08:56","date_gmt":"2014-02-02T14:08:56","guid":{"rendered":"http:\/\/www.creations.d-f.cc\/produkt\/moebellinie-trek2\/"},"modified":"2021-12-14T20:27:26","modified_gmt":"2021-12-14T20:27:26","slug":"trek2","status":"publish","type":"product","link":"https:\/\/www.creations.d-f.cc\/de\/product\/trek2\/","title":{"rendered":"M\u00f6bellinie\u00a0\u00abtrek2\u00bb"},"content":{"rendered":"<p><\/p>\n<h3>M\u00f6bellinie\u00a0\u00abtrek2\u00bb<\/h3>\n<p>Die M\u00f6bellinie \u00abtrek2\u00bb basiert auf einer schlanken Schichtholzkonstruktion und ist als Hocker, Desk, Centerboard oder iPad-Terminal verf\u00fcgbar. Eine zweifarbige Speziallackierung sorgt f\u00fcr eine strapazierf\u00e4hige Veredelung und zusammen mit den flach abfallenden Innenkanten f\u00fcr eine enorm schlanke, fast schwebende Optik. Die M\u00f6bel werden auf Auftrag in Kleinserien produziert.<\/p>\n<div class=\"gap\" style=\"line-height: 50px; height: 50px;\"><\/div>\n<p><img loading=\"lazy\" decoding=\"async\" class=\"alignnone size-full wp-image-3772\" src=\"http:\/\/www.creations.d-f.cc\/wp-content\/uploads\/df-beyond.jpg\" alt=\"\u00abbeyond\u00bb is our registered product label and stands for purity and innovation.\" width=\"250\" height=\"41\" \/><\/p>\n<div class=\"gap\" style=\"line-height: 400px; height: 400px;\"><\/div><br \/>\n<\/p>","protected":false},"excerpt":{"rendered":"<p>M\u00f6bellinie\u00a0\u00abtrek2\u00bb Die M\u00f6bellinie \u00abtrek2\u00bb basiert auf einer schlanken Schichtholzkonstruktion und ist als Hocker, Desk, Centerboard oder iPad-Terminal verf\u00fcgbar. Eine zweifarbige Speziallackierung sorgt f\u00fcr eine strapazierf\u00e4hige Veredelung und zusammen mit den flach abfallenden Innenkanten f\u00fcr eine enorm schlanke, fast schwebende Optik. Die M\u00f6bel werden auf Auftrag in Kleinserien produziert.<\/p>\n","protected":false},"featured_media":4507,"template":"","meta":[],"product_brand":[],"product_cat":[1383],"product_tag":[],"class_list":{"0":"post-4140","1":"product","2":"type-product","3":"status-publish","4":"has-post-thumbnail","6":"product_cat-uncategorized","7":"description-off","9":"first","10":"instock","11":"taxable","12":"shipping-taxable","13":"product-type-simple"},"_links":{"self":[{"href":"https:\/\/www.creations.d-f.cc\/de\/wp-json\/wp\/v2\/product\/4140","targetHints":{"allow":["GET"]}}],"collection":[{"href":"https:\/\/www.creations.d-f.cc\/de\/wp-json\/wp\/v2\/product"}],"about":[{"href":"https:\/\/www.creations.d-f.cc\/de\/wp-json\/wp\/v2\/types\/product"}],"wp:featuredmedia":[{"embeddable":true,"href":"https:\/\/www.creations.d-f.cc\/de\/wp-json\/wp\/v2\/media\/4507"}],"wp:attachment":[{"href":"https:\/\/www.creations.d-f.cc\/de\/wp-json\/wp\/v2\/media?parent=4140"}],"wp:term":[{"taxonomy":"product_brand","embeddable":true,"href":"https:\/\/www.creations.d-f.cc\/de\/wp-json\/wp\/v2\/product_brand?post=4140"},{"taxonomy":"product_cat","embeddable":true,"href":"https:\/\/www.creations.d-f.cc\/de\/wp-json\/wp\/v2\/product_cat?post=4140"},{"taxonomy":"product_tag","embeddable":true,"href":"https:\/\/www.creations.d-f.cc\/de\/wp-json\/wp\/v2\/product_tag?post=4140"}],"curies":[{"name":"wp","href":"https:\/\/api.w.org\/{rel}","templated":true}]}}