{"id":4142,"date":"2014-01-02T14:14:46","date_gmt":"2014-01-02T14:14:46","guid":{"rendered":"http:\/\/www.creations.d-f.cc\/produkt\/moebellinie-curve\/"},"modified":"2021-12-14T20:28:54","modified_gmt":"2021-12-14T20:28:54","slug":"curve","status":"publish","type":"product","link":"https:\/\/www.creations.d-f.cc\/de\/product\/curve\/","title":{"rendered":"M\u00f6bellinie\u00a0\u00abcurve\u00bb"},"content":{"rendered":"<p><\/p>\n<h3>M\u00f6bellinie\u00a0\u00abcurve\u00bb<\/h3>\n<p>\u00abcurve\u00bb sind kubisch geformte Elemente mit kontr\u00e4rer, kurviger Aussparung, welche durch eingelegte Interlayer in geb\u00fcrstetem Chromstahl oder patiniertem Kupfer bestechen. Die Hochglanz-Speziallackierung der Aussenh\u00fclle umgarnt die edlen Materialien mit perfekten Abschl\u00fcssen. Die Ausgangsform von \u00abcurve\u00bb l\u00e4sst verschiedene Nutzungen zu: Centerboard mit verdeckt eingebauten Stromanschl\u00fcssen, Besprechungs- oder Thekenelement, Ethanol-Kamin mit eingelegtem und speziell isoliertem Brenner. Die \u00abcurve\u00bb Modelle werden in Einzelanfertigung nach Ihren gew\u00fcnschten Dimensionen und Farbgebung hergestellt.<\/p>\n<div class=\"gap\" style=\"line-height: 50px; height: 50px;\"><\/div>\n<p><img loading=\"lazy\" decoding=\"async\" class=\"alignnone size-full wp-image-3772\" src=\"http:\/\/www.creations.d-f.cc\/wp-content\/uploads\/df-beyond.jpg\" alt=\"\u00abbeyond\u00bb is our registered product label and stands for purity and innovation.\" width=\"250\" height=\"41\" \/><\/p>\n<div class=\"gap\" style=\"line-height: 400px; height: 400px;\"><\/div><br \/>\n<\/p>","protected":false},"excerpt":{"rendered":"<p>M\u00f6bellinie\u00a0\u00abcurve\u00bb \u00abcurve\u00bb sind kubisch geformte Elemente mit kontr\u00e4rer, kurviger Aussparung, welche durch eingelegte Interlayer in geb\u00fcrstetem Chromstahl oder patiniertem Kupfer bestechen. Die Hochglanz-Speziallackierung der Aussenh\u00fclle umgarnt die edlen Materialien mit perfekten Abschl\u00fcssen. Die Ausgangsform von \u00abcurve\u00bb l\u00e4sst verschiedene Nutzungen zu: Centerboard mit verdeckt eingebauten Stromanschl\u00fcssen, Besprechungs- oder Thekenelement, Ethanol-Kamin mit eingelegtem und speziell isoliertem Brenner.&hellip;<\/p>\n","protected":false},"featured_media":4506,"template":"","meta":[],"product_brand":[],"product_cat":[1383],"product_tag":[],"class_list":{"0":"post-4142","1":"product","2":"type-product","3":"status-publish","4":"has-post-thumbnail","6":"product_cat-uncategorized","7":"description-off","9":"first","10":"instock","11":"taxable","12":"shipping-taxable","13":"product-type-simple"},"_links":{"self":[{"href":"https:\/\/www.creations.d-f.cc\/de\/wp-json\/wp\/v2\/product\/4142","targetHints":{"allow":["GET"]}}],"collection":[{"href":"https:\/\/www.creations.d-f.cc\/de\/wp-json\/wp\/v2\/product"}],"about":[{"href":"https:\/\/www.creations.d-f.cc\/de\/wp-json\/wp\/v2\/types\/product"}],"wp:featuredmedia":[{"embeddable":true,"href":"https:\/\/www.creations.d-f.cc\/de\/wp-json\/wp\/v2\/media\/4506"}],"wp:attachment":[{"href":"https:\/\/www.creations.d-f.cc\/de\/wp-json\/wp\/v2\/media?parent=4142"}],"wp:term":[{"taxonomy":"product_brand","embeddable":true,"href":"https:\/\/www.creations.d-f.cc\/de\/wp-json\/wp\/v2\/product_brand?post=4142"},{"taxonomy":"product_cat","embeddable":true,"href":"https:\/\/www.creations.d-f.cc\/de\/wp-json\/wp\/v2\/product_cat?post=4142"},{"taxonomy":"product_tag","embeddable":true,"href":"https:\/\/www.creations.d-f.cc\/de\/wp-json\/wp\/v2\/product_tag?post=4142"}],"curies":[{"name":"wp","href":"https:\/\/api.w.org\/{rel}","templated":true}]}}