{"id":4149,"date":"2013-09-02T14:21:03","date_gmt":"2013-09-02T14:21:03","guid":{"rendered":"http:\/\/www.creations.d-f.cc\/produkt\/regal-hive\/"},"modified":"2021-12-14T20:38:27","modified_gmt":"2021-12-14T20:38:27","slug":"hive","status":"publish","type":"product","link":"https:\/\/www.creations.d-f.cc\/de\/product\/hive\/","title":{"rendered":"Regal\u00a0\u00abhive\u00bb"},"content":{"rendered":"<p><\/p>\n<h3>Regal\u00a0\u00abhive\u00bb<\/h3>\n<p>\u00abhive\u00bb ist eine erste Konzeptidee eines komplex strukturierten Regales. Das spannende Innenleben aus grunds\u00e4tzlich horizontal und vertikal verlaufenden Linien in unterschiedlichen dicken, in Verbindung mit der abschliessenden Umrahmung, verleiht dem M\u00f6belst\u00fcck eine gewisse Ordnung. Leicht abweichende Verwinkelungen sorgen f\u00fcr interessante Nischensituationen in unterschiedlich grosse Einteilungen. Keine der Aussparungen wiederholt sich.<\/p>\n<p>Vorabkl\u00e4rungen zu Machbarkeit, Materialien und Konstruktion wurden vorgenommen und werden interessierten Manufakturen, Vertriebspartnern und Endkunden gerne n\u00e4her erl\u00e4utert. <\/p>\n<div class=\"gap\" style=\"line-height: 50px; height: 50px;\"><\/div>\n<p><img loading=\"lazy\" decoding=\"async\" class=\"alignnone size-full wp-image-3772\" src=\"http:\/\/www.creations.d-f.cc\/wp-content\/uploads\/df-beyond.jpg\" alt=\"\u00abbeyond\u00bb is our registered product label and stands for purity and innovation.\" width=\"250\" height=\"41\" \/><\/p>\n<div class=\"gap\" style=\"line-height: 400px; height: 400px;\"><\/div><br \/>\n<\/p>","protected":false},"excerpt":{"rendered":"<p>Regal\u00a0\u00abhive\u00bb \u00abhive\u00bb ist eine erste Konzeptidee eines komplex strukturierten Regales. Das spannende Innenleben aus grunds\u00e4tzlich horizontal und vertikal verlaufenden Linien in unterschiedlichen dicken, in Verbindung mit der abschliessenden Umrahmung, verleiht dem M\u00f6belst\u00fcck eine gewisse Ordnung. Leicht abweichende Verwinkelungen sorgen f\u00fcr interessante Nischensituationen in unterschiedlich grosse Einteilungen. Keine der Aussparungen wiederholt sich. Vorabkl\u00e4rungen zu Machbarkeit, Materialien&hellip;<\/p>\n","protected":false},"featured_media":4464,"template":"","meta":[],"product_brand":[],"product_cat":[1383],"product_tag":[],"class_list":{"0":"post-4149","1":"product","2":"type-product","3":"status-publish","4":"has-post-thumbnail","6":"product_cat-uncategorized","7":"description-off","9":"first","10":"instock","11":"taxable","12":"shipping-taxable","13":"product-type-simple"},"_links":{"self":[{"href":"https:\/\/www.creations.d-f.cc\/de\/wp-json\/wp\/v2\/product\/4149","targetHints":{"allow":["GET"]}}],"collection":[{"href":"https:\/\/www.creations.d-f.cc\/de\/wp-json\/wp\/v2\/product"}],"about":[{"href":"https:\/\/www.creations.d-f.cc\/de\/wp-json\/wp\/v2\/types\/product"}],"wp:featuredmedia":[{"embeddable":true,"href":"https:\/\/www.creations.d-f.cc\/de\/wp-json\/wp\/v2\/media\/4464"}],"wp:attachment":[{"href":"https:\/\/www.creations.d-f.cc\/de\/wp-json\/wp\/v2\/media?parent=4149"}],"wp:term":[{"taxonomy":"product_brand","embeddable":true,"href":"https:\/\/www.creations.d-f.cc\/de\/wp-json\/wp\/v2\/product_brand?post=4149"},{"taxonomy":"product_cat","embeddable":true,"href":"https:\/\/www.creations.d-f.cc\/de\/wp-json\/wp\/v2\/product_cat?post=4149"},{"taxonomy":"product_tag","embeddable":true,"href":"https:\/\/www.creations.d-f.cc\/de\/wp-json\/wp\/v2\/product_tag?post=4149"}],"curies":[{"name":"wp","href":"https:\/\/api.w.org\/{rel}","templated":true}]}}