{"id":4164,"date":"2013-12-20T15:09:50","date_gmt":"2013-12-20T15:09:50","guid":{"rendered":"http:\/\/www.creations.d-f.cc\/produkt\/hover\/"},"modified":"2021-12-14T20:32:55","modified_gmt":"2021-12-14T20:32:55","slug":"hover","status":"publish","type":"product","link":"https:\/\/www.creations.d-f.cc\/de\/product\/hover\/","title":{"rendered":"LED-Brosch\u00fcrenhalter \u00abhover\u00bb"},"content":{"rendered":"<p><\/p>\n<h3>LED-Brosch\u00fcrenhalter \u00abhover\u00bb<\/h3>\n<p>\u00abhover\u00bb \u2013 ein schlichter Brosch\u00fcrenhalter im trek2-Design, welcher mit innseitig verlegten LED-Dioden eine schwebende Optik vermittelt. Durch die Hinterleuchtung wird die Aufmerksamkeit des Betrachters gewonnen. Der Brosch\u00fcrenhalter ist ausgelegt f\u00fcr Brosch\u00fcren im A4-Hochformat oder mit Spezialeinlage f\u00fcr Format A5 (quer\/hoch). Dier Oberfl\u00e4che ist mit tiefmatter Spezialfolie \u00fcberzogen, Farbe schwarz (oder nach Wunsch\/Auftrag).<\/p>\n<div class=\"gap\" style=\"line-height: 50px; height: 50px;\"><\/div>\n<p><img loading=\"lazy\" decoding=\"async\" class=\"alignnone size-full wp-image-3772\" src=\"http:\/\/www.creations.d-f.cc\/wp-content\/uploads\/df-beyond.jpg\" alt=\"\u00abbeyond\u00bb is our registered product label and stands for purity and innovation.\" width=\"250\" height=\"41\" \/><\/p>\n<div class=\"gap\" style=\"line-height: 400px; height: 400px;\"><\/div><br \/>\n<\/p>","protected":false},"excerpt":{"rendered":"<p>LED-Brosch\u00fcrenhalter \u00abhover\u00bb \u00abhover\u00bb \u2013 ein schlichter Brosch\u00fcrenhalter im trek2-Design, welcher mit innseitig verlegten LED-Dioden eine schwebende Optik vermittelt. Durch die Hinterleuchtung wird die Aufmerksamkeit des Betrachters gewonnen. Der Brosch\u00fcrenhalter ist ausgelegt f\u00fcr Brosch\u00fcren im A4-Hochformat oder mit Spezialeinlage f\u00fcr Format A5 (quer\/hoch). Dier Oberfl\u00e4che ist mit tiefmatter Spezialfolie \u00fcberzogen, Farbe schwarz (oder nach Wunsch\/Auftrag).<\/p>\n","protected":false},"featured_media":4465,"template":"","meta":[],"product_brand":[],"product_cat":[1383],"product_tag":[],"class_list":{"0":"post-4164","1":"product","2":"type-product","3":"status-publish","4":"has-post-thumbnail","6":"product_cat-uncategorized","7":"description-off","9":"first","10":"instock","11":"taxable","12":"shipping-taxable","13":"purchasable","14":"product-type-simple"},"_links":{"self":[{"href":"https:\/\/www.creations.d-f.cc\/de\/wp-json\/wp\/v2\/product\/4164","targetHints":{"allow":["GET"]}}],"collection":[{"href":"https:\/\/www.creations.d-f.cc\/de\/wp-json\/wp\/v2\/product"}],"about":[{"href":"https:\/\/www.creations.d-f.cc\/de\/wp-json\/wp\/v2\/types\/product"}],"wp:featuredmedia":[{"embeddable":true,"href":"https:\/\/www.creations.d-f.cc\/de\/wp-json\/wp\/v2\/media\/4465"}],"wp:attachment":[{"href":"https:\/\/www.creations.d-f.cc\/de\/wp-json\/wp\/v2\/media?parent=4164"}],"wp:term":[{"taxonomy":"product_brand","embeddable":true,"href":"https:\/\/www.creations.d-f.cc\/de\/wp-json\/wp\/v2\/product_brand?post=4164"},{"taxonomy":"product_cat","embeddable":true,"href":"https:\/\/www.creations.d-f.cc\/de\/wp-json\/wp\/v2\/product_cat?post=4164"},{"taxonomy":"product_tag","embeddable":true,"href":"https:\/\/www.creations.d-f.cc\/de\/wp-json\/wp\/v2\/product_tag?post=4164"}],"curies":[{"name":"wp","href":"https:\/\/api.w.org\/{rel}","templated":true}]}}