{"id":4167,"date":"2013-04-02T15:14:47","date_gmt":"2013-04-02T15:14:47","guid":{"rendered":"http:\/\/www.creations.d-f.cc\/produkt\/rise\/"},"modified":"2021-12-14T20:41:22","modified_gmt":"2021-12-14T20:41:22","slug":"rise","status":"publish","type":"product","link":"https:\/\/www.creations.d-f.cc\/de\/product\/rise\/","title":{"rendered":"Solarpylon \u00abrise\u00bb"},"content":{"rendered":"<p><\/p>\n<h3>Solarpylon \u00abrise\u00bb<\/h3>\n<p>Der Solarpylon besteht haupts\u00e4chlich aus zwei grossen Glaspanelen mit integrierten Solarmodulen, welche auf eine schlichte, patinierte Metall-Unterkonstruktion b\u00fcndig montiert sind. Aus den Solarmodulen wird tags\u00fcber Energie in Akkumaltoren gespeichert, welche in der Sockelkonstruktion (mit Sichtbeton \u00fcberzogen) integriert sind. Diese betreiben nachts die im Sockel b\u00fcndig eingelassenen Power-LED&#8217;s, welche die Glaspanele anleuchten. Die Glaspanele k\u00f6nnen k\u00f6nnen individuell mit Typografie gestaltet werden. Eine raffinierte Kombination aus hochwerigen Materialen und zeitgem\u00e4ssem Energiehaushalt.<\/p>\n<div class=\"gap\" style=\"line-height: 50px; height: 50px;\"><\/div>\n<p><img loading=\"lazy\" decoding=\"async\" class=\"alignnone size-full wp-image-3772\" src=\"http:\/\/www.creations.d-f.cc\/wp-content\/uploads\/df-beyond.jpg\" alt=\"\u00abbeyond\u00bb is our registered product label and stands for purity and innovation.\" width=\"250\" height=\"41\" \/><\/p>\n<div class=\"gap\" style=\"line-height: 400px; height: 400px;\"><\/div><br \/>\n<\/p>","protected":false},"excerpt":{"rendered":"<p>Solarpylon \u00abrise\u00bb Der Solarpylon besteht haupts\u00e4chlich aus zwei grossen Glaspanelen mit integrierten Solarmodulen, welche auf eine schlichte, patinierte Metall-Unterkonstruktion b\u00fcndig montiert sind. Aus den Solarmodulen wird tags\u00fcber Energie in Akkumaltoren gespeichert, welche in der Sockelkonstruktion (mit Sichtbeton \u00fcberzogen) integriert sind. Diese betreiben nachts die im Sockel b\u00fcndig eingelassenen Power-LED&#8217;s, welche die Glaspanele anleuchten. Die Glaspanele&hellip;<\/p>\n","protected":false},"featured_media":4471,"template":"","meta":[],"product_brand":[],"product_cat":[1383],"product_tag":[],"class_list":{"0":"post-4167","1":"product","2":"type-product","3":"status-publish","4":"has-post-thumbnail","6":"product_cat-uncategorized","7":"description-off","9":"first","10":"instock","11":"taxable","12":"shipping-taxable","13":"product-type-simple"},"_links":{"self":[{"href":"https:\/\/www.creations.d-f.cc\/de\/wp-json\/wp\/v2\/product\/4167","targetHints":{"allow":["GET"]}}],"collection":[{"href":"https:\/\/www.creations.d-f.cc\/de\/wp-json\/wp\/v2\/product"}],"about":[{"href":"https:\/\/www.creations.d-f.cc\/de\/wp-json\/wp\/v2\/types\/product"}],"wp:featuredmedia":[{"embeddable":true,"href":"https:\/\/www.creations.d-f.cc\/de\/wp-json\/wp\/v2\/media\/4471"}],"wp:attachment":[{"href":"https:\/\/www.creations.d-f.cc\/de\/wp-json\/wp\/v2\/media?parent=4167"}],"wp:term":[{"taxonomy":"product_brand","embeddable":true,"href":"https:\/\/www.creations.d-f.cc\/de\/wp-json\/wp\/v2\/product_brand?post=4167"},{"taxonomy":"product_cat","embeddable":true,"href":"https:\/\/www.creations.d-f.cc\/de\/wp-json\/wp\/v2\/product_cat?post=4167"},{"taxonomy":"product_tag","embeddable":true,"href":"https:\/\/www.creations.d-f.cc\/de\/wp-json\/wp\/v2\/product_tag?post=4167"}],"curies":[{"name":"wp","href":"https:\/\/api.w.org\/{rel}","templated":true}]}}