{"id":4171,"date":"2015-03-01T15:20:02","date_gmt":"2015-03-01T15:20:02","guid":{"rendered":"http:\/\/www.creations.d-f.cc\/produkt\/owl\/"},"modified":"2021-12-14T20:12:23","modified_gmt":"2021-12-14T20:12:23","slug":"owl","status":"publish","type":"product","link":"https:\/\/www.creations.d-f.cc\/de\/product\/owl\/","title":{"rendered":"Weinflaschenhalter \u00abowl\u00bb"},"content":{"rendered":"<p><\/p>\n<h3>Weinflaschenhalter\u00a0\u00abowl\u00bb<\/h3>\n<p>\u00abowl\u00bb ist aus weissem Acryl mit abgestimmten Geometrien und kontrastbildender tiefmatter Oberfl\u00e4che und hochgl\u00e4nzenden Kanten gefertigt. Diese bemerkenswerte, funktionale und minimalistische Skulptur kann als Tr\u00e4ger einer Weinflasche verwendet werden und umgibt diese wie Eulenfl\u00fcgel, die Quelle der Inspiration. Ideal als dekoratives Element im Wohn- oder Esszimmer und zur Pr\u00e4sentation der Weinauswahl in exklusiven gastronomischen Betrieben. Die Ausf\u00fchrung mit neuartigen Materialhybriden aus schwarzem Acryl und ge\u00f6ltem Nussbaumfurnier ist auf Anfrage erh\u00e4ltlich.<\/p>\n<div class=\"gap\" style=\"line-height: 50px; height: 50px;\"><\/div>\n<p><img loading=\"lazy\" decoding=\"async\" class=\"alignnone size-full wp-image-3772\" src=\"http:\/\/www.creations.d-f.cc\/wp-content\/uploads\/df-beyond.jpg\" alt=\"\u00abbeyond\u00bb is our registered product label and stands for purity and innovation.\" width=\"250\" height=\"41\" \/><\/p>\n<div class=\"gap\" style=\"line-height: 400px; height: 400px;\"><\/div><\/p>","protected":false},"excerpt":{"rendered":"<p>Weinflaschenhalter\u00a0\u00abowl\u00bb \u00abowl\u00bb ist aus weissem Acryl mit abgestimmten Geometrien und kontrastbildender tiefmatter Oberfl\u00e4che und hochgl\u00e4nzenden Kanten gefertigt. Diese bemerkenswerte, funktionale und minimalistische Skulptur kann als Tr\u00e4ger einer Weinflasche verwendet werden und umgibt diese wie Eulenfl\u00fcgel, die Quelle der Inspiration. Ideal als dekoratives Element im Wohn- oder Esszimmer und zur Pr\u00e4sentation der Weinauswahl in exklusiven gastronomischen&hellip;<\/p>\n","protected":false},"featured_media":4574,"template":"","meta":[],"product_brand":[],"product_cat":[1383],"product_tag":[],"class_list":{"0":"post-4171","1":"product","2":"type-product","3":"status-publish","4":"has-post-thumbnail","6":"product_cat-uncategorized","7":"description-off","9":"first","10":"instock","11":"shipping-taxable","12":"purchasable","13":"product-type-simple"},"_links":{"self":[{"href":"https:\/\/www.creations.d-f.cc\/de\/wp-json\/wp\/v2\/product\/4171","targetHints":{"allow":["GET"]}}],"collection":[{"href":"https:\/\/www.creations.d-f.cc\/de\/wp-json\/wp\/v2\/product"}],"about":[{"href":"https:\/\/www.creations.d-f.cc\/de\/wp-json\/wp\/v2\/types\/product"}],"wp:featuredmedia":[{"embeddable":true,"href":"https:\/\/www.creations.d-f.cc\/de\/wp-json\/wp\/v2\/media\/4574"}],"wp:attachment":[{"href":"https:\/\/www.creations.d-f.cc\/de\/wp-json\/wp\/v2\/media?parent=4171"}],"wp:term":[{"taxonomy":"product_brand","embeddable":true,"href":"https:\/\/www.creations.d-f.cc\/de\/wp-json\/wp\/v2\/product_brand?post=4171"},{"taxonomy":"product_cat","embeddable":true,"href":"https:\/\/www.creations.d-f.cc\/de\/wp-json\/wp\/v2\/product_cat?post=4171"},{"taxonomy":"product_tag","embeddable":true,"href":"https:\/\/www.creations.d-f.cc\/de\/wp-json\/wp\/v2\/product_tag?post=4171"}],"curies":[{"name":"wp","href":"https:\/\/api.w.org\/{rel}","templated":true}]}}