{"id":4884,"date":"2017-12-22T12:02:42","date_gmt":"2017-12-22T12:02:42","guid":{"rendered":"http:\/\/www.creations.d-f.cc\/product\/volcano\/"},"modified":"2021-12-14T23:11:13","modified_gmt":"2021-12-14T23:11:13","slug":"volcano","status":"publish","type":"product","link":"https:\/\/www.creations.d-f.cc\/de\/product\/volcano\/","title":{"rendered":"Skulptur \u00abvolcano\u00bb"},"content":{"rendered":"<p><\/p>\n<h3>Skulptur\u00a0\u00abvolcano\u00bb<\/h3>\n<p>Buchst\u00fctzen aus zwei Teilen erheben sich zu einer abstrakt vulkanartigen Skulptur. Ob als funktionale Blickf\u00e4nge im B\u00fccherregal oder dekoratives Element im Raum, die aus Massivholz gefr\u00e4sten und von Hand assemblierten \u00abvolcano\u00bb fallen auf, ohne sich aufzudr\u00e4ngen. Erh\u00e4tlich in Nussbaum und Kernesche, mit ge\u00f6lter oder auf Wunsch schwarz gebeizter Oberfl\u00e4che, ist jedes St\u00fctzenelement durch seine nat\u00fcrliche Musterung ein Einzelst\u00fcck.<\/p>\n<div class=\"gap\" style=\"line-height: 50px; height: 50px;\"><\/div>\n<p><img loading=\"lazy\" decoding=\"async\" class=\"alignnone size-full wp-image-3772\" src=\"http:\/\/www.creations.d-f.cc\/wp-content\/uploads\/df-beyond.jpg\" alt=\"\u00abbeyond\u00bb is our registered product label and stands for purity and innovation.\" width=\"250\" height=\"41\" \/><\/p>\n<div class=\"gap\" style=\"line-height: 400px; height: 400px;\"><\/div><\/p>","protected":false},"excerpt":{"rendered":"<p>Skulptur\u00a0\u00abvolcano\u00bb Buchst\u00fctzen aus zwei Teilen erheben sich zu einer abstrakt vulkanartigen Skulptur. Ob als funktionale Blickf\u00e4nge im B\u00fccherregal oder dekoratives Element im Raum, die aus Massivholz gefr\u00e4sten und von Hand assemblierten \u00abvolcano\u00bb fallen auf, ohne sich aufzudr\u00e4ngen. Erh\u00e4tlich in Nussbaum und Kernesche, mit ge\u00f6lter oder auf Wunsch schwarz gebeizter Oberfl\u00e4che, ist jedes St\u00fctzenelement durch seine&hellip;<\/p>\n","protected":false},"featured_media":5271,"template":"","meta":[],"product_brand":[],"product_cat":[1383],"product_tag":[],"class_list":{"0":"post-4884","1":"product","2":"type-product","3":"status-publish","4":"has-post-thumbnail","6":"product_cat-uncategorized","7":"description-off","9":"first","10":"instock","11":"shipping-taxable","12":"purchasable","13":"product-type-simple"},"_links":{"self":[{"href":"https:\/\/www.creations.d-f.cc\/de\/wp-json\/wp\/v2\/product\/4884","targetHints":{"allow":["GET"]}}],"collection":[{"href":"https:\/\/www.creations.d-f.cc\/de\/wp-json\/wp\/v2\/product"}],"about":[{"href":"https:\/\/www.creations.d-f.cc\/de\/wp-json\/wp\/v2\/types\/product"}],"wp:featuredmedia":[{"embeddable":true,"href":"https:\/\/www.creations.d-f.cc\/de\/wp-json\/wp\/v2\/media\/5271"}],"wp:attachment":[{"href":"https:\/\/www.creations.d-f.cc\/de\/wp-json\/wp\/v2\/media?parent=4884"}],"wp:term":[{"taxonomy":"product_brand","embeddable":true,"href":"https:\/\/www.creations.d-f.cc\/de\/wp-json\/wp\/v2\/product_brand?post=4884"},{"taxonomy":"product_cat","embeddable":true,"href":"https:\/\/www.creations.d-f.cc\/de\/wp-json\/wp\/v2\/product_cat?post=4884"},{"taxonomy":"product_tag","embeddable":true,"href":"https:\/\/www.creations.d-f.cc\/de\/wp-json\/wp\/v2\/product_tag?post=4884"}],"curies":[{"name":"wp","href":"https:\/\/api.w.org\/{rel}","templated":true}]}}