{"id":5135,"date":"2021-08-24T08:34:28","date_gmt":"2021-08-24T08:34:28","guid":{"rendered":"https:\/\/www.creations.d-f.cc\/?post_type=product&#038;p=5135"},"modified":"2021-12-14T16:39:30","modified_gmt":"2021-12-14T16:39:30","slug":"abyss","status":"publish","type":"product","link":"https:\/\/www.creations.d-f.cc\/de\/product\/abyss\/","title":{"rendered":"Skulptur \u00ababyss\u00bb"},"content":{"rendered":"<p><\/p>\n<h3>Skultpur \u00ababyss\u00bb<\/h3>\n<p>Eine perfekt gearbeitete Skulptur mit faszinierender Geometrie. Zwei Hauptk\u00f6rper, erarbeitet aus Massivholz, f\u00fcgen sich in einer kunstvollen Kantenf\u00fchrung zu einer Symbiose zusammen.<br \/>\n<br \/>\n<small>Bei der Preisangabe handelt es sich um einen Richtpreis, welcher u.a. von St\u00fcckzahl und Materialisierung abh\u00e4ngig ist \u2013 bitte nehmen Sie mit uns Kontakt auf.<\/small><\/p>\n<div class=\"gap\" style=\"line-height: 50px; height: 50px;\"><\/div>\n<p><img loading=\"lazy\" decoding=\"async\" class=\"alignnone size-full wp-image-3772\" src=\"http:\/\/www.creations.d-f.cc\/wp-content\/uploads\/df-beyond.jpg\" alt=\"\u00abbeyond\u00bb is our registered product label and stands for purity and innovation.\" width=\"250\" height=\"41\" \/><\/p>\n<div class=\"gap\" style=\"line-height: 400px; height: 400px;\"><\/div><\/p>","protected":false},"excerpt":{"rendered":"<p>Skultpur \u00ababyss\u00bb Eine perfekt gearbeitete Skulptur mit faszinierender Geometrie. Zwei Hauptk\u00f6rper, erarbeitet aus Massivholz, f\u00fcgen sich in einer kunstvollen Kantenf\u00fchrung zu einer Symbiose zusammen. Bei der Preisangabe handelt es sich um einen Richtpreis, welcher u.a. von St\u00fcckzahl und Materialisierung abh\u00e4ngig ist \u2013 bitte nehmen Sie mit uns Kontakt auf.<\/p>\n","protected":false},"featured_media":5238,"template":"","meta":[],"product_brand":[],"product_cat":[1383],"product_tag":[],"class_list":{"0":"post-5135","1":"product","2":"type-product","3":"status-publish","4":"has-post-thumbnail","6":"product_cat-uncategorized","7":"description-off","9":"first","10":"instock","11":"taxable","12":"shipping-taxable","13":"purchasable","14":"product-type-simple"},"_links":{"self":[{"href":"https:\/\/www.creations.d-f.cc\/de\/wp-json\/wp\/v2\/product\/5135","targetHints":{"allow":["GET"]}}],"collection":[{"href":"https:\/\/www.creations.d-f.cc\/de\/wp-json\/wp\/v2\/product"}],"about":[{"href":"https:\/\/www.creations.d-f.cc\/de\/wp-json\/wp\/v2\/types\/product"}],"wp:featuredmedia":[{"embeddable":true,"href":"https:\/\/www.creations.d-f.cc\/de\/wp-json\/wp\/v2\/media\/5238"}],"wp:attachment":[{"href":"https:\/\/www.creations.d-f.cc\/de\/wp-json\/wp\/v2\/media?parent=5135"}],"wp:term":[{"taxonomy":"product_brand","embeddable":true,"href":"https:\/\/www.creations.d-f.cc\/de\/wp-json\/wp\/v2\/product_brand?post=5135"},{"taxonomy":"product_cat","embeddable":true,"href":"https:\/\/www.creations.d-f.cc\/de\/wp-json\/wp\/v2\/product_cat?post=5135"},{"taxonomy":"product_tag","embeddable":true,"href":"https:\/\/www.creations.d-f.cc\/de\/wp-json\/wp\/v2\/product_tag?post=5135"}],"curies":[{"name":"wp","href":"https:\/\/api.w.org\/{rel}","templated":true}]}}