{"id":5234,"date":"2021-12-14T08:58:43","date_gmt":"2021-12-14T08:58:43","guid":{"rendered":"https:\/\/www.creations.d-f.cc\/?post_type=product&#038;p=5234"},"modified":"2021-12-14T14:51:15","modified_gmt":"2021-12-14T14:51:15","slug":"quatrefoil","status":"publish","type":"product","link":"https:\/\/www.creations.d-f.cc\/de\/product\/quatrefoil\/","title":{"rendered":"Regal \u00abquatrefoil\u00bb"},"content":{"rendered":"<p><\/p>\n<h3>Regal \u00abquatrefoil\u00bb<\/h3>\n<p>Ein Regalelement in W\u00fcrfelform, welches multipliziert spannende Formationen kreiert. Filigrane Holzkonstruktion (Materialst\u00e4rke 10mm) auf Gehrung mit schr\u00e4gen Kanten. Kernesche natur oder dunkel gebeizt.<br \/>\n<br \/>\n<small>Bei der Preisangabe handelt es sich um einen Richtpreis, welcher u.a. von St\u00fcckzahl und Ausf\u00fchrung abh\u00e4ngig ist \u2013 bitte nehmen Sie mit uns Kontakt auf.<\/small><\/p>\n<div class=\"gap\" style=\"line-height: 50px; height: 50px;\"><\/div>\n<p><img loading=\"lazy\" decoding=\"async\" class=\"alignnone size-full wp-image-3772\" src=\"http:\/\/www.creations.d-f.cc\/wp-content\/uploads\/df-beyond.jpg\" alt=\"\u00abbeyond\u00bb is our registered product label and stands for purity and innovation.\" width=\"250\" height=\"41\" \/><\/p>\n<div class=\"gap\" style=\"line-height: 400px; height: 400px;\"><\/div><\/p>","protected":false},"excerpt":{"rendered":"<p>Regal \u00abquatrefoil\u00bb Ein Regalelement in W\u00fcrfelform, welches multipliziert spannende Formationen kreiert. Filigrane Holzkonstruktion (Materialst\u00e4rke 10mm) auf Gehrung mit schr\u00e4gen Kanten. Kernesche natur oder dunkel gebeizt. Bei der Preisangabe handelt es sich um einen Richtpreis, welcher u.a. von St\u00fcckzahl und Ausf\u00fchrung abh\u00e4ngig ist \u2013 bitte nehmen Sie mit uns Kontakt auf.<\/p>\n","protected":false},"featured_media":5228,"template":"","meta":[],"product_brand":[],"product_cat":[1383],"product_tag":[],"class_list":{"0":"post-5234","1":"product","2":"type-product","3":"status-publish","4":"has-post-thumbnail","6":"product_cat-uncategorized","7":"description-off","9":"first","10":"instock","11":"taxable","12":"shipping-taxable","13":"purchasable","14":"product-type-simple"},"_links":{"self":[{"href":"https:\/\/www.creations.d-f.cc\/de\/wp-json\/wp\/v2\/product\/5234","targetHints":{"allow":["GET"]}}],"collection":[{"href":"https:\/\/www.creations.d-f.cc\/de\/wp-json\/wp\/v2\/product"}],"about":[{"href":"https:\/\/www.creations.d-f.cc\/de\/wp-json\/wp\/v2\/types\/product"}],"wp:featuredmedia":[{"embeddable":true,"href":"https:\/\/www.creations.d-f.cc\/de\/wp-json\/wp\/v2\/media\/5228"}],"wp:attachment":[{"href":"https:\/\/www.creations.d-f.cc\/de\/wp-json\/wp\/v2\/media?parent=5234"}],"wp:term":[{"taxonomy":"product_brand","embeddable":true,"href":"https:\/\/www.creations.d-f.cc\/de\/wp-json\/wp\/v2\/product_brand?post=5234"},{"taxonomy":"product_cat","embeddable":true,"href":"https:\/\/www.creations.d-f.cc\/de\/wp-json\/wp\/v2\/product_cat?post=5234"},{"taxonomy":"product_tag","embeddable":true,"href":"https:\/\/www.creations.d-f.cc\/de\/wp-json\/wp\/v2\/product_tag?post=5234"}],"curies":[{"name":"wp","href":"https:\/\/api.w.org\/{rel}","templated":true}]}}