{"id":5342,"date":"2023-04-14T08:30:33","date_gmt":"2023-04-14T08:30:33","guid":{"rendered":"https:\/\/www.creations.d-f.cc\/?post_type=product&#038;p=5342"},"modified":"2023-07-13T13:13:00","modified_gmt":"2023-07-13T13:13:00","slug":"cabin","status":"publish","type":"product","link":"https:\/\/www.creations.d-f.cc\/de\/product\/cabin\/","title":{"rendered":"Vogelhaus \u00abcabin\u00bb"},"content":{"rendered":"<p><\/p>\n<h3>Vogelhaus \u00abcabin\u00bb<\/h3>\n<p>Unsere \u00abcabin\u00bb wird aus massiver Eiche mit einer St\u00e4rke von 22mm gefertigt und kommt mit reinen Steck-\/Leimverbindungen aus. Dach und Boden bilden im Design kantige Abschl\u00fcsse, in verbundener Funktionalit\u00e4t als Standfl\u00e4che und Witterungsschutz f\u00fcr den Eingang. Das Dach ist abnehmbar.<br \/>\n<br \/>\n<small>Bei der Preisangabe handelt es sich um einen Richtpreis, welcher u.a. von St\u00fcckzahl und Ausf\u00fchrung abh\u00e4ngig ist \u2013 bitte nehmen Sie mit uns Kontakt auf.<\/small><\/p>\n<div class=\"gap\" style=\"line-height: 50px; height: 50px;\"><\/div>\n<p><img loading=\"lazy\" decoding=\"async\" class=\"alignnone size-full wp-image-3772\" src=\"http:\/\/www.creations.d-f.cc\/wp-content\/uploads\/df-beyond.jpg\" alt=\"\u00abbeyond\u00bb is our registered product label and stands for purity and innovation.\" width=\"250\" height=\"41\" \/><\/p>\n<div class=\"gap\" style=\"line-height: 400px; height: 400px;\"><\/div><\/p>","protected":false},"excerpt":{"rendered":"<p>Vogelhaus \u00abcabin\u00bb Unsere \u00abcabin\u00bb wird aus massiver Eiche mit einer St\u00e4rke von 22mm gefertigt und kommt mit reinen Steck-\/Leimverbindungen aus. Dach und Boden bilden im Design kantige Abschl\u00fcsse, in verbundener Funktionalit\u00e4t als Standfl\u00e4che und Witterungsschutz f\u00fcr den Eingang. Das Dach ist abnehmbar. Bei der Preisangabe handelt es sich um einen Richtpreis, welcher u.a. von St\u00fcckzahl&hellip;<\/p>\n","protected":false},"featured_media":5344,"template":"","meta":[],"product_brand":[],"product_cat":[1383],"product_tag":[],"class_list":{"0":"post-5342","1":"product","2":"type-product","3":"status-publish","4":"has-post-thumbnail","6":"product_cat-uncategorized","7":"description-off","9":"first","10":"instock","11":"taxable","12":"shipping-taxable","13":"purchasable","14":"product-type-simple"},"_links":{"self":[{"href":"https:\/\/www.creations.d-f.cc\/de\/wp-json\/wp\/v2\/product\/5342","targetHints":{"allow":["GET"]}}],"collection":[{"href":"https:\/\/www.creations.d-f.cc\/de\/wp-json\/wp\/v2\/product"}],"about":[{"href":"https:\/\/www.creations.d-f.cc\/de\/wp-json\/wp\/v2\/types\/product"}],"wp:featuredmedia":[{"embeddable":true,"href":"https:\/\/www.creations.d-f.cc\/de\/wp-json\/wp\/v2\/media\/5344"}],"wp:attachment":[{"href":"https:\/\/www.creations.d-f.cc\/de\/wp-json\/wp\/v2\/media?parent=5342"}],"wp:term":[{"taxonomy":"product_brand","embeddable":true,"href":"https:\/\/www.creations.d-f.cc\/de\/wp-json\/wp\/v2\/product_brand?post=5342"},{"taxonomy":"product_cat","embeddable":true,"href":"https:\/\/www.creations.d-f.cc\/de\/wp-json\/wp\/v2\/product_cat?post=5342"},{"taxonomy":"product_tag","embeddable":true,"href":"https:\/\/www.creations.d-f.cc\/de\/wp-json\/wp\/v2\/product_tag?post=5342"}],"curies":[{"name":"wp","href":"https:\/\/api.w.org\/{rel}","templated":true}]}}